{"id":8,"date":"2025-02-04T14:16:08","date_gmt":"2025-02-04T14:16:08","guid":{"rendered":"https:\/\/kattyleonelabermeolopez.com\/?page_id=8"},"modified":"2025-02-04T14:24:59","modified_gmt":"2025-02-04T14:24:59","slug":"inicio","status":"publish","type":"page","link":"https:\/\/kattybermeoacademy.com\/","title":{"rendered":"Elementor #8"},"content":{"rendered":"\t\t<div data-elementor-type=\"wp-page\" data-elementor-id=\"8\" class=\"elementor elementor-8\">\n\t\t\t\t<div class=\"elementor-element elementor-element-cc31396 e-flex e-con-boxed e-con e-parent\" data-id=\"cc31396\" data-element_type=\"container\">\n\t\t\t\t\t<div class=\"e-con-inner\">\n\t\t<div class=\"elementor-element elementor-element-58ce0e1 e-con-full e-flex e-con e-child\" data-id=\"58ce0e1\" data-element_type=\"container\">\n\t\t\t\t<div class=\"elementor-element elementor-element-0f69d7c elementor-widget elementor-widget-heading\" data-id=\"0f69d7c\" data-element_type=\"widget\" data-widget_type=\"heading.default\">\n\t\t\t\t<div class=\"elementor-widget-container\">\n\t\t\t\t\t<h2 class=\"elementor-heading-title elementor-size-default\">Katty Bermeo<\/h2>\t\t\t\t<\/div>\n\t\t\t\t<\/div>\n\t\t\t\t<\/div>\n\t\t<div class=\"elementor-element elementor-element-767e5cf e-con-full e-flex e-con e-child\" data-id=\"767e5cf\" data-element_type=\"container\">\n\t\t\t\t<div class=\"elementor-element elementor-element-ac9ab0d e-grid-align-right elementor-shape-rounded elementor-grid-0 elementor-widget elementor-widget-social-icons\" data-id=\"ac9ab0d\" data-element_type=\"widget\" data-widget_type=\"social-icons.default\">\n\t\t\t\t<div class=\"elementor-widget-container\">\n\t\t\t\t\t\t\t<div class=\"elementor-social-icons-wrapper elementor-grid\">\n\t\t\t\t\t\t\t<span class=\"elementor-grid-item\">\n\t\t\t\t\t<a class=\"elementor-icon elementor-social-icon elementor-social-icon-instagram elementor-repeater-item-7014f86\" href=\"https:\/\/www.instagram.com\/kattybermeolopez\" target=\"_blank\">\n\t\t\t\t\t\t<span class=\"elementor-screen-only\">Instagram<\/span>\n\t\t\t\t\t\t<svg class=\"e-font-icon-svg e-fab-instagram\" viewBox=\"0 0 448 512\" xmlns=\"http:\/\/www.w3.org\/2000\/svg\"><path d=\"M224.1 141c-63.6 0-114.9 51.3-114.9 114.9s51.3 114.9 114.9 114.9S339 319.5 339 255.9 287.7 141 224.1 141zm0 189.6c-41.1 0-74.7-33.5-74.7-74.7s33.5-74.7 74.7-74.7 74.7 33.5 74.7 74.7-33.6 74.7-74.7 74.7zm146.4-194.3c0 14.9-12 26.8-26.8 26.8-14.9 0-26.8-12-26.8-26.8s12-26.8 26.8-26.8 26.8 12 26.8 26.8zm76.1 27.2c-1.7-35.9-9.9-67.7-36.2-93.9-26.2-26.2-58-34.4-93.9-36.2-37-2.1-147.9-2.1-184.9 0-35.8 1.7-67.6 9.9-93.9 36.1s-34.4 58-36.2 93.9c-2.1 37-2.1 147.9 0 184.9 1.7 35.9 9.9 67.7 36.2 93.9s58 34.4 93.9 36.2c37 2.1 147.9 2.1 184.9 0 35.9-1.7 67.7-9.9 93.9-36.2 26.2-26.2 34.4-58 36.2-93.9 2.1-37 2.1-147.8 0-184.8zM398.8 388c-7.8 19.6-22.9 34.7-42.6 42.6-29.5 11.7-99.5 9-132.1 9s-102.7 2.6-132.1-9c-19.6-7.8-34.7-22.9-42.6-42.6-11.7-29.5-9-99.5-9-132.1s-2.6-102.7 9-132.1c7.8-19.6 22.9-34.7 42.6-42.6 29.5-11.7 99.5-9 132.1-9s102.7-2.6 132.1 9c19.6 7.8 34.7 22.9 42.6 42.6 11.7 29.5 9 99.5 9 132.1s2.7 102.7-9 132.1z\"><\/path><\/svg>\t\t\t\t\t<\/a>\n\t\t\t\t<\/span>\n\t\t\t\t\t\t\t<span class=\"elementor-grid-item\">\n\t\t\t\t\t<a class=\"elementor-icon elementor-social-icon elementor-social-icon-facebook elementor-repeater-item-2c3e534\" href=\"https:\/\/www.facebook.com\/PivotPointEcuador\" target=\"_blank\">\n\t\t\t\t\t\t<span class=\"elementor-screen-only\">Facebook<\/span>\n\t\t\t\t\t\t<svg class=\"e-font-icon-svg e-fab-facebook\" viewBox=\"0 0 512 512\" xmlns=\"http:\/\/www.w3.org\/2000\/svg\"><path d=\"M504 256C504 119 393 8 256 8S8 119 8 256c0 123.78 90.69 226.38 209.25 245V327.69h-63V256h63v-54.64c0-62.15 37-96.48 93.67-96.48 27.14 0 55.52 4.84 55.52 4.84v61h-31.28c-30.8 0-40.41 19.12-40.41 38.73V256h68.78l-11 71.69h-57.78V501C413.31 482.38 504 379.78 504 256z\"><\/path><\/svg>\t\t\t\t\t<\/a>\n\t\t\t\t<\/span>\n\t\t\t\t\t<\/div>\n\t\t\t\t\t\t<\/div>\n\t\t\t\t<\/div>\n\t\t\t\t<\/div>\n\t\t\t\t\t<\/div>\n\t\t\t\t<\/div>\n\t\t<div class=\"elementor-element elementor-element-a418c12 e-flex e-con-boxed e-con e-parent\" data-id=\"a418c12\" data-element_type=\"container\">\n\t\t\t\t\t<div class=\"e-con-inner\">\n\t\t<div class=\"elementor-element elementor-element-9f32361 e-con-full e-flex e-con e-child\" data-id=\"9f32361\" data-element_type=\"container\">\n\t\t\t\t<div class=\"elementor-element elementor-element-c99a3c3 elementor-widget elementor-widget-image\" data-id=\"c99a3c3\" data-element_type=\"widget\" data-widget_type=\"image.default\">\n\t\t\t\t<div class=\"elementor-widget-container\">\n\t\t\t\t\t\t\t\t\t\t\t\t\t\t\t<img fetchpriority=\"high\" decoding=\"async\" width=\"800\" height=\"800\" src=\"https:\/\/kattybermeoacademy.com\/wp-content\/uploads\/2025\/02\/Katty-Bermeo-1024x1024.webp\" class=\"attachment-large size-large wp-image-11\" alt=\"Katty Bermeo\" srcset=\"https:\/\/kattybermeoacademy.com\/wp-content\/uploads\/2025\/02\/Katty-Bermeo-1024x1024.webp 1024w, https:\/\/kattybermeoacademy.com\/wp-content\/uploads\/2025\/02\/Katty-Bermeo-300x300.webp 300w, https:\/\/kattybermeoacademy.com\/wp-content\/uploads\/2025\/02\/Katty-Bermeo-150x150.webp 150w, https:\/\/kattybermeoacademy.com\/wp-content\/uploads\/2025\/02\/Katty-Bermeo-768x768.webp 768w, https:\/\/kattybermeoacademy.com\/wp-content\/uploads\/2025\/02\/Katty-Bermeo.webp 1440w\" sizes=\"(max-width: 800px) 100vw, 800px\" \/>\t\t\t\t\t\t\t\t\t\t\t\t\t\t\t<\/div>\n\t\t\t\t<\/div>\n\t\t\t\t<\/div>\n\t\t<div class=\"elementor-element elementor-element-0f8ba46 e-con-full e-flex e-con e-child\" data-id=\"0f8ba46\" data-element_type=\"container\">\n\t\t\t\t<div class=\"elementor-element elementor-element-18bf539 elementor-widget elementor-widget-text-editor\" data-id=\"18bf539\" data-element_type=\"widget\" data-widget_type=\"text-editor.default\">\n\t\t\t\t<div class=\"elementor-widget-container\">\n\t\t\t\t\t\t\t\t\t<p><strong><em>Directora de Pivot Point Ecuador<\/em><\/strong><\/p><p>Katty Bermeo L\u00f3pez es una destacada profesional ecuatoriana en el mundo de la belleza, especializada en dise\u00f1o de corte, color y peinados. Con una trayectoria que refleja pasi\u00f3n y dedicaci\u00f3n, Katty ha perfeccionado su arte a trav\u00e9s de su formaci\u00f3n y experiencia en el sector, convirti\u00e9ndose en una referente en la industria.<\/p><p>Como directora de <a href=\"https:\/\/pivotpoint-ec.com\/\"><strong>Pivot Point Ecuador<\/strong><\/a>, una reconocida academia de formaci\u00f3n en belleza, Katty lidera programas educativos innovadores, enfocados en el desarrollo de habilidades t\u00e9cnicas y creativas para futuros profesionales. Su compromiso con la excelencia la ha llevado a participar en competencias nacionales e internacionales, donde ha demostrado su talento y visi\u00f3n art\u00edstica.<\/p><p>A trav\u00e9s de su trabajo, Katty inspira a quienes buscan transformar su pasi\u00f3n por la belleza en una carrera exitosa, impulsando el crecimiento de la industria en Ecuador y Latinoam\u00e9rica.<\/p>\t\t\t\t\t\t\t\t<\/div>\n\t\t\t\t<\/div>\n\t\t\t\t<\/div>\n\t\t\t\t\t<\/div>\n\t\t\t\t<\/div>\n\t\t\t\t<\/div>\n\t\t","protected":false},"excerpt":{"rendered":"<p>Katty Bermeo Instagram Facebook Directora de Pivot Point Ecuador Katty Bermeo L\u00f3pez es una destacada profesional ecuatoriana en el mundo de la belleza, especializada en dise\u00f1o de corte, color y peinados. Con una trayectoria que refleja pasi\u00f3n y dedicaci\u00f3n, Katty ha perfeccionado su arte a trav\u00e9s de su formaci\u00f3n y experiencia en el sector, convirti\u00e9ndose [&hellip;]<\/p>\n","protected":false},"author":2,"featured_media":0,"parent":0,"menu_order":0,"comment_status":"closed","ping_status":"closed","template":"elementor_canvas","meta":{"footnotes":""},"class_list":["post-8","page","type-page","status-publish","hentry"],"_links":{"self":[{"href":"https:\/\/kattybermeoacademy.com\/index.php\/wp-json\/wp\/v2\/pages\/8","targetHints":{"allow":["GET"]}}],"collection":[{"href":"https:\/\/kattybermeoacademy.com\/index.php\/wp-json\/wp\/v2\/pages"}],"about":[{"href":"https:\/\/kattybermeoacademy.com\/index.php\/wp-json\/wp\/v2\/types\/page"}],"author":[{"embeddable":true,"href":"https:\/\/kattybermeoacademy.com\/index.php\/wp-json\/wp\/v2\/users\/2"}],"replies":[{"embeddable":true,"href":"https:\/\/kattybermeoacademy.com\/index.php\/wp-json\/wp\/v2\/comments?post=8"}],"version-history":[{"count":14,"href":"https:\/\/kattybermeoacademy.com\/index.php\/wp-json\/wp\/v2\/pages\/8\/revisions"}],"predecessor-version":[{"id":27,"href":"https:\/\/kattybermeoacademy.com\/index.php\/wp-json\/wp\/v2\/pages\/8\/revisions\/27"}],"wp:attachment":[{"href":"https:\/\/kattybermeoacademy.com\/index.php\/wp-json\/wp\/v2\/media?parent=8"}],"curies":[{"name":"wp","href":"https:\/\/api.w.org\/{rel}","templated":true}]}}